{"id":1879,"date":"2018-04-12T10:14:47","date_gmt":"2018-04-12T08:14:47","guid":{"rendered":"https:\/\/www.jamacuco.com\/producto\/salsa-hotter-525-ml\/"},"modified":"2023-10-02T17:21:23","modified_gmt":"2023-10-02T15:21:23","slug":"salsa-hotter-525-ml","status":"publish","type":"product","link":"https:\/\/www.jamacuco.com\/es\/product\/salsa-hotter-525-ml\/","title":{"rendered":"SALSA HOTTER 525 ml"},"content":{"rendered":"<p>Salsa picante JAMACUCO HOTTER<\/p>\n<p>CONTENIDO: 525 ml<\/p>\n<p>INGREDIENTES: Pimientos Piquillo de Lodosa*, Pimientos &#8220;Alegr\u00edas de Navarra\u201d*, Aceite Oliva Virgen Extra*, Vinagre* (contiene sulfitos), Tomate*, Ajo*, Pimientos caramelizados*, Miel*, Cebolla*, Aroma humo natural y Sal*<\/p>\n<p>* PRODUCTO DE NAVARRA 100% ARTESANA<\/p>\n<p>INFORMACI\u00d3N NUTRICIONAL (100 g):<br \/>\nProte\u00ednas&#8230;&#8230;&#8230;&#8230;&#8230;&#8230;&#8230;&#8230;&#8230;&#8230;&#8230;&#8230;&#8230;&#8230;&#8230;1,8 gr<br \/>\nCarbohidratos&#8230;&#8230;&#8230;&#8230;&#8230;&#8230;&#8230;&#8230;&#8230;&#8230;&#8230;&#8230;..23 gr<br \/>\nDe los cuales az\u00facares a\u00f1adidos&#8230;&#8230;&#8230;&#8230;&#8230;&#8230;&#8230;&#8230;&#8230;&#8230;&#8230;&#8230;&#8230;&#8230;0 gr<br \/>\nL\u00edpidos&#8230;&#8230;&#8230;&#8230;&#8230;&#8230;&#8230;&#8230;&#8230;&#8230;&#8230;&#8230;&#8230;&#8230;&#8230;&#8230;..1,3 gr<br \/>\nSal en forma de ClNa&#8230;&#8230;&#8230;&#8230;&#8230;&#8230;&#8230;&#8230;&#8230;&#8230;&#8230;&#8230;&#8230;&#8230;..10 gr<br \/>\nValor Energ\u00e9tico&#8230;&#8230;&#8230;&#8230;&#8230;&#8230;122 kcal.\/ 513 kj<\/p>\n","protected":false},"excerpt":{"rendered":"<p>Una salsa picante que nos recuerda las noches frescas en el r\u00edo Sacramento y los amaneceres en el valle de Yosemite. Se elabora con Piquillo de Lodosa y Alegr\u00edas, dos variedades de pimiento que se cultivan con mimo y dedicaci\u00f3n en Navarra, tierra f\u00e9rtil y agradecida.<\/p>\n","protected":false},"featured_media":1874,"comment_status":"open","ping_status":"closed","template":"","meta":[],"product_brand":[],"product_cat":[49],"product_tag":[],"class_list":{"0":"post-1879","1":"product","2":"type-product","3":"status-publish","4":"has-post-thumbnail","6":"product_cat-hotter-es","8":"first","9":"instock","10":"taxable","11":"shipping-taxable","12":"purchasable","13":"product-type-simple"},"_links":{"self":[{"href":"https:\/\/www.jamacuco.com\/es\/wp-json\/wp\/v2\/product\/1879","targetHints":{"allow":["GET"]}}],"collection":[{"href":"https:\/\/www.jamacuco.com\/es\/wp-json\/wp\/v2\/product"}],"about":[{"href":"https:\/\/www.jamacuco.com\/es\/wp-json\/wp\/v2\/types\/product"}],"replies":[{"embeddable":true,"href":"https:\/\/www.jamacuco.com\/es\/wp-json\/wp\/v2\/comments?post=1879"}],"wp:featuredmedia":[{"embeddable":true,"href":"https:\/\/www.jamacuco.com\/es\/wp-json\/wp\/v2\/media\/1874"}],"wp:attachment":[{"href":"https:\/\/www.jamacuco.com\/es\/wp-json\/wp\/v2\/media?parent=1879"}],"wp:term":[{"taxonomy":"product_brand","embeddable":true,"href":"https:\/\/www.jamacuco.com\/es\/wp-json\/wp\/v2\/product_brand?post=1879"},{"taxonomy":"product_cat","embeddable":true,"href":"https:\/\/www.jamacuco.com\/es\/wp-json\/wp\/v2\/product_cat?post=1879"},{"taxonomy":"product_tag","embeddable":true,"href":"https:\/\/www.jamacuco.com\/es\/wp-json\/wp\/v2\/product_tag?post=1879"}],"curies":[{"name":"wp","href":"https:\/\/api.w.org\/{rel}","templated":true}]}}